{"id":8,"date":"2026-02-08T17:09:59","date_gmt":"2026-02-08T17:09:59","guid":{"rendered":"http:\/\/mxocmsh.cluster100.hosting.ovh.net\/?page_id=8"},"modified":"2026-03-14T17:49:44","modified_gmt":"2026-03-14T17:49:44","slug":"accueil","status":"publish","type":"page","link":"https:\/\/bourreille-endo.fr\/","title":{"rendered":"Accueil"},"content":{"rendered":"\n<div class=\"wp-block-columns is-layout-flex wp-container-core-columns-is-layout-28f84493 wp-block-columns-is-layout-flex\">\n<div class=\"wp-block-column is-layout-flow wp-block-column-is-layout-flow\">\n<p><br><\/p>\n<\/div>\n<\/div>\n\n\n\n<div class=\"wp-block-group alignfull has-global-padding is-layout-constrained wp-block-group-is-layout-constrained\" style=\"margin-top:0;margin-bottom:0;padding-top:var(--wp--preset--spacing--50);padding-bottom:var(--wp--preset--spacing--50)\">\n<div class=\"wp-block-columns alignwide is-layout-flex wp-container-core-columns-is-layout-47c06fe3 wp-block-columns-is-layout-flex\">\n<div class=\"wp-block-column is-layout-flow wp-block-column-is-layout-flow\" style=\"flex-basis:56%\">\n<figure class=\"wp-block-image size-large\"><img loading=\"lazy\" decoding=\"async\" width=\"683\" height=\"1024\" src=\"https:\/\/bourreille-endo.fr\/wp-content\/uploads\/2026\/02\/IMG_8274-2-3-683x1024.png\" alt=\"\" class=\"wp-image-80\" style=\"aspect-ratio:4\/3;object-fit:cover\" srcset=\"https:\/\/bourreille-endo.fr\/wp-content\/uploads\/2026\/02\/IMG_8274-2-3-683x1024.png 683w, https:\/\/bourreille-endo.fr\/wp-content\/uploads\/2026\/02\/IMG_8274-2-3-200x300.png 200w, https:\/\/bourreille-endo.fr\/wp-content\/uploads\/2026\/02\/IMG_8274-2-3-768x1152.png 768w, https:\/\/bourreille-endo.fr\/wp-content\/uploads\/2026\/02\/IMG_8274-2-3.png 832w\" sizes=\"auto, (max-width: 683px) 100vw, 683px\" \/><\/figure>\n\n\n\n<details class=\"wp-block-details is-layout-flow wp-block-details-is-layout-flow\"><summary>En savoir plus <\/summary>\n<p>Apr\u00e8s une formation en chirurgie dentaire, j\u2019ai choisi de consacrer ma pratique exclusivement \u00e0 l\u2019endodontie, discipline d\u00e9di\u00e9e au traitement des infections de la dent et \u00e0 la pr\u00e9servation des dents naturelles.<\/p>\n\n\n\n<p>Je me suis form\u00e9e aux techniques modernes d\u2019endodontie et \u00e0 l\u2019utilisation des technologies de magnification et d\u2019imagerie 3D, afin d\u2019assurer des diagnostics pr\u00e9cis et des traitements fiables.<\/p>\n\n\n\n<p>Aujourd\u2019hui, j\u2019exerce en collaboration avec les chirurgiens-dentistes correspondants afin de prendre en charge les situations endodontiques complexes et d\u2019offrir aux patients des soins sp\u00e9cialis\u00e9s dans un environnement d\u00e9di\u00e9.<\/p>\n<\/details>\n<\/div>\n\n\n\n<div class=\"wp-block-column is-vertically-aligned-center is-layout-flow wp-container-core-column-is-layout-119bc444 wp-block-column-is-layout-flow\">\n<h2 class=\"wp-block-heading has-text-align-center is-style-text-display is-style-text-display--1\">Dr Alice BOURREILLE<\/h2>\n\n\n\n<p class=\"has-text-align-center is-style-text-subtitle is-style-text-subtitle--2\">Pratique exclusive de l\u2019endodontie<br><\/p>\n\n\n\n<p class=\"has-text-align-center is-style-text-subtitle is-style-text-subtitle--3\">Traitements de racine- retraitements endodontiques &#8211; chirurgie endodontique<br>Paris 7\u00e8me et 17\u00e8me<\/p>\n\n\n\n<p class=\"has-text-align-center\"><strong><em>Une approche conservatrice et individualis\u00e9e<\/em><\/strong><\/p>\n\n\n\n<p class=\"has-text-align-center\">Chaque situation est analys\u00e9e avec rigueur afin de comprendre l\u2019origine des douleurs et de proposer le traitement le plus adapt\u00e9.<\/p>\n\n\n\n<div class=\"wp-block-buttons is-content-justification-center is-layout-flex wp-container-core-buttons-is-layout-a89b3969 wp-block-buttons-is-layout-flex\">\n<div class=\"wp-block-button\"><a class=\"wp-block-button__link wp-element-button\" href=\"https:\/\/bourreille-endo.fr\/index.php\/contact\/\">Prendre contact <\/a><\/div>\n<\/div>\n\n\n\n<figure class=\"wp-block-image aligncenter size-large is-resized\"><img loading=\"lazy\" decoding=\"async\" width=\"1024\" height=\"683\" src=\"https:\/\/bourreille-endo.fr\/wp-content\/uploads\/2026\/03\/ChatGPT-Image-20-fevr.-2026-11_59_27-1024x683.png\" alt=\"\" class=\"wp-image-199\" style=\"aspect-ratio:1.499292463596111;width:76px;height:auto\" srcset=\"https:\/\/bourreille-endo.fr\/wp-content\/uploads\/2026\/03\/ChatGPT-Image-20-fevr.-2026-11_59_27-1024x683.png 1024w, https:\/\/bourreille-endo.fr\/wp-content\/uploads\/2026\/03\/ChatGPT-Image-20-fevr.-2026-11_59_27-300x200.png 300w, https:\/\/bourreille-endo.fr\/wp-content\/uploads\/2026\/03\/ChatGPT-Image-20-fevr.-2026-11_59_27-768x512.png 768w, https:\/\/bourreille-endo.fr\/wp-content\/uploads\/2026\/03\/ChatGPT-Image-20-fevr.-2026-11_59_27.png 1536w\" sizes=\"auto, (max-width: 1024px) 100vw, 1024px\" \/><\/figure>\n<\/div>\n<\/div>\n<\/div>\n\n\n\n<div class=\"wp-block-group alignfull has-global-padding is-layout-constrained wp-block-group-is-layout-constrained\" style=\"margin-top:0;margin-bottom:0;padding-top:var(--wp--preset--spacing--60);padding-bottom:var(--wp--preset--spacing--60)\">\n<div class=\"wp-block-columns alignwide is-layout-flex wp-container-core-columns-is-layout-1d9f35bd wp-block-columns-is-layout-flex\">\n<div class=\"wp-block-column has-border-color is-layout-flow wp-block-column-is-layout-flow\" style=\"border-color:var(--wp--preset--color--accent-6);border-width:1px;border-radius:10px;padding-top:var(--wp--preset--spacing--50);padding-right:var(--wp--preset--spacing--50);padding-bottom:var(--wp--preset--spacing--50);padding-left:var(--wp--preset--spacing--50)\">\n<h3 class=\"wp-block-heading has-text-align-center\" id=\"free\">Vous \u00eates patient<\/h3>\n\n\n\n<div class=\"wp-block-buttons is-content-justification-center is-layout-flex wp-container-core-buttons-is-layout-a89b3969 wp-block-buttons-is-layout-flex\">\n<div class=\"wp-block-button has-custom-width wp-block-button__width-100\"><a class=\"wp-block-button__link wp-element-button\" href=\"https:\/\/bourreille-endo.fr\/index.php\/contact\/\">Prenez rendez-vous au cabinet<\/a><\/div>\n<\/div>\n<\/div>\n\n\n\n<div class=\"wp-block-column has-border-color is-layout-flow wp-block-column-is-layout-flow\" style=\"border-color:var(--wp--preset--color--accent-6);border-width:1px;border-radius:10px;padding-top:var(--wp--preset--spacing--50);padding-right:var(--wp--preset--spacing--50);padding-bottom:var(--wp--preset--spacing--50);padding-left:var(--wp--preset--spacing--50)\">\n<h3 class=\"wp-block-heading has-text-align-center\" id=\"single\">Vous \u00eates praticien<\/h3>\n\n\n\n<div class=\"wp-block-buttons is-content-justification-center is-layout-flex wp-container-core-buttons-is-layout-a89b3969 wp-block-buttons-is-layout-flex\">\n<div class=\"wp-block-button has-custom-width wp-block-button__width-100\"><a class=\"wp-block-button__link wp-element-button\" href=\"https:\/\/bourreille-endo.fr\/index.php\/espace-praticiens\/\">Adressez nous un patient<\/a><\/div>\n<\/div>\n<\/div>\n<\/div>\n<\/div>\n\n\n\n<p class=\"has-text-align-center is-style-text-display has-accent-4-color has-text-color has-link-color wp-elements-c7f15bf480189e0ce7c3b3b58e339f78 is-style-text-display--4\">Vos avis comptent&#8230;<\/p>\n\n\n\n<div class=\"wp-block-uagb-testimonial uagb-slick-carousel uagb-tm__arrow-outside uagb-block-48adac91\"><div class=\"is-carousel uagb-tm__columns-1 uagb-tm__items\"><div class=\"uagb-testimonial__wrap  uagb-tm__imgicon-style-circle uagb-tm__image-position-bottom uagb-tm__bg-type-none \"><div class=\"uagb-tm__content\"><div class=\"uagb-tm__overlay\"><\/div><div class=\"uagb-tm__text-wrap\"><div class=\"uagb-tm__desc\">Excellente dentiste, tr\u00e8s professionnelle et r\u00e9active.<br>Elle a su m\u2019expliquer en d\u00e9tail le diagnostic ainsi que chaque \u00e9tape du traitement, qui a dur\u00e9 plus d\u2019une heure.<br>Je la remercie sinc\u00e8rement pour la qualit\u00e9 de ses soins et je tiens \u00e9galement \u00e0 saluer le travail de son \u00e9quipe.<br>Je la recommande sans h\u00e9sitation.<\/div><div class=\"uagb-tm__meta-inner\"><div class=\"uagb-testimonial-details\"><span class=\"uagb-tm__author-name\">N.B<\/span><span class=\"uagb-tm__company\">\u2605\u2605\u2605\u2605\u2605<\/span><\/div><\/div><\/div><\/div><\/div><div class=\"uagb-testimonial__wrap  uagb-tm__imgicon-style-circle uagb-tm__image-position-bottom uagb-tm__bg-type-none \"><div class=\"uagb-tm__content\"><div class=\"uagb-tm__overlay\"><\/div><div class=\"uagb-tm__text-wrap\"><div class=\"uagb-tm__desc\">Excellente praticienne ! Elle m&#8217;a gu\u00e9ri de mon mal. Tr\u00e8s professionnelle, elle explique bien au patient ce qu&#8217;elle va faire, quelle seront les suites \u00e0 court, moyen et long terme !<\/div><div class=\"uagb-tm__meta-inner\"><div class=\"uagb-testimonial-details\"><span class=\"uagb-tm__author-name\">R.E.M<\/span><span class=\"uagb-tm__company\">\u2605\u2605\u2605\u2605\u2605<\/span><\/div><\/div><\/div><\/div><\/div><div class=\"uagb-testimonial__wrap  uagb-tm__imgicon-style-circle uagb-tm__image-position-bottom uagb-tm__bg-type-none \"><div class=\"uagb-tm__content\"><div class=\"uagb-tm__overlay\"><\/div><div class=\"uagb-tm__text-wrap\"><div class=\"uagb-tm__desc\">J ai \u00e9t\u00e9 pris en charge par le docteur BOUREILLE pour une intervention suite une infection \u00e0 la racine.<br>Malgr\u00e9 la complexit\u00e9 de l intervention, l \u00e9quipe a \u00e9t\u00e9 tr\u00e8s professionnelle avec des rdv de suivis. J ai \u00e9t\u00e9 tr\u00e8s bien soign\u00e9 sans douleurs excessives.<br>Un grand merci.<\/div><div class=\"uagb-tm__meta-inner\"><div class=\"uagb-testimonial-details\"><span class=\"uagb-tm__author-name\">S.H<\/span><span class=\"uagb-tm__company\"> \u2605\u2605\u2605\u2605\u2605<\/span><\/div><\/div><\/div><\/div><\/div><div class=\"uagb-testimonial__wrap  uagb-tm__imgicon-style-circle uagb-tm__image-position-bottom uagb-tm__bg-type-none \"><div class=\"uagb-tm__content\"><div class=\"uagb-tm__overlay\"><\/div><div class=\"uagb-tm__text-wrap\"><div class=\"uagb-tm__desc\">Super dentiste, tr\u00e8s \u00e0 l\u2019\u00e9coute et patiente!<\/div><div class=\"uagb-tm__meta-inner\"><div class=\"uagb-testimonial-details\"><span class=\"uagb-tm__author-name\">B.B<\/span><span class=\"uagb-tm__company\">\u2605\u2605\u2605\u2605\u2605<\/span><\/div><\/div><\/div><\/div><\/div><div class=\"uagb-testimonial__wrap  uagb-tm__imgicon-style-circle uagb-tm__image-position-bottom uagb-tm__bg-type-none \"><div class=\"uagb-tm__content\"><div class=\"uagb-tm__overlay\"><\/div><div class=\"uagb-tm__text-wrap\"><div class=\"uagb-tm__desc\">Le Docteur BOURREILLE est douce et \u00e9coute son patient. Elle explique ce qu&#8217;elle fait et r\u00e9pond aux questions. Parfaite.<\/div><div class=\"uagb-tm__meta-inner\"><div class=\"uagb-testimonial-details\"><span class=\"uagb-tm__author-name\">I.L<\/span><span class=\"uagb-tm__company\"> \u2605\u2605\u2605\u2605\u2605<\/span><\/div><\/div><\/div><\/div><\/div><\/div><\/div>\n","protected":false},"excerpt":{"rendered":"<p>Dr Alice BOURREILLE Pratique exclusive de l\u2019endodontie Traitements de racine- retraitements endodontiques &#8211; chirurgie endodontiqueParis 7\u00e8me et 17\u00e8me Une approche conservatrice et individualis\u00e9e Chaque situation est analys\u00e9e avec rigueur afin de comprendre l\u2019origine des douleurs et de proposer le traitement le plus adapt\u00e9. Vous \u00eates patient Vous \u00eates praticien Vos avis comptent&#8230;<\/p>\n","protected":false},"author":1,"featured_media":0,"parent":0,"menu_order":0,"comment_status":"closed","ping_status":"closed","template":"page-no-title","meta":{"_uag_custom_page_level_css":"","footnotes":""},"class_list":["post-8","page","type-page","status-publish","hentry"],"uagb_featured_image_src":{"full":false,"thumbnail":false,"medium":false,"medium_large":false,"large":false,"1536x1536":false,"2048x2048":false},"uagb_author_info":{"display_name":"admin9089","author_link":"https:\/\/bourreille-endo.fr\/index.php\/author\/admin9089\/"},"uagb_comment_info":0,"uagb_excerpt":"Dr Alice BOURREILLE Pratique exclusive de l\u2019endodontie Traitements de racine- retraitements endodontiques &#8211; chirurgie endodontiqueParis 7\u00e8me et 17\u00e8me Une approche conservatrice et individualis\u00e9e Chaque situation est analys\u00e9e avec rigueur afin de comprendre l\u2019origine des douleurs et de proposer le traitement le plus adapt\u00e9. Vous \u00eates patient Vous \u00eates praticien Vos avis comptent&#8230;","_links":{"self":[{"href":"https:\/\/bourreille-endo.fr\/index.php\/wp-json\/wp\/v2\/pages\/8","targetHints":{"allow":["GET"]}}],"collection":[{"href":"https:\/\/bourreille-endo.fr\/index.php\/wp-json\/wp\/v2\/pages"}],"about":[{"href":"https:\/\/bourreille-endo.fr\/index.php\/wp-json\/wp\/v2\/types\/page"}],"author":[{"embeddable":true,"href":"https:\/\/bourreille-endo.fr\/index.php\/wp-json\/wp\/v2\/users\/1"}],"replies":[{"embeddable":true,"href":"https:\/\/bourreille-endo.fr\/index.php\/wp-json\/wp\/v2\/comments?post=8"}],"version-history":[{"count":25,"href":"https:\/\/bourreille-endo.fr\/index.php\/wp-json\/wp\/v2\/pages\/8\/revisions"}],"predecessor-version":[{"id":239,"href":"https:\/\/bourreille-endo.fr\/index.php\/wp-json\/wp\/v2\/pages\/8\/revisions\/239"}],"wp:attachment":[{"href":"https:\/\/bourreille-endo.fr\/index.php\/wp-json\/wp\/v2\/media?parent=8"}],"curies":[{"name":"wp","href":"https:\/\/api.w.org\/{rel}","templated":true}]}}